{"id":97,"date":"2017-05-17T00:24:13","date_gmt":"2017-05-17T00:24:13","guid":{"rendered":"https:\/\/northcolony.com\/about-us\/"},"modified":"2021-07-02T18:53:57","modified_gmt":"2021-07-02T18:53:57","slug":"experiencia","status":"publish","type":"page","link":"https:\/\/northcolony.com\/es\/experiencia\/","title":{"rendered":"Experiencia"},"content":{"rendered":"<h1>Experiencia<\/h1>\n<p>El equipo de North Colony cuenta con m\u00e1s de 50 a\u00f1os de experiencia combinada en inversiones inmobiliarias, y ha estado directamente involucrado en la adquisici\u00f3n y administraci\u00f3n de edificios en USA por valores superiores a USD 2 billones. La mayor\u00eda de estas adquisiciones fueron realizadas en la zona de New England.<\/p>\n<h2>Filosof\u00eda de Inversi\u00f3n<\/h2>\n<p>Nuestra Filosof\u00eda de Inversi\u00f3n consiste en adquirir activos que tengan un valor inferior al costo de reposici\u00f3n, y con potencial de apreciaci\u00f3n v\u00eda eficiencias operacionales, o a trav\u00e9s de plusval\u00edas en los mercados donde est\u00e1n localizados. Operamos en mercados en los cuales tenemos un alto grado de conocimiento y seleccionamos a los mejores operadores para cada una de nuestras adquisiciones. Somos inversionistas de largo plazo. Buscamos edificios que tengan flujos estables por un tiempo largo de tiempo, de forma de poder esperar pacientemente las plusval\u00edas, y simult\u00e1neamente disminuir el riesgo.<\/p>\n","protected":false},"excerpt":{"rendered":"<p>Experiencia El equipo de North Colony cuenta con m\u00e1s de 50 a\u00f1os de experiencia combinada en inversiones inmobiliarias, y ha estado directamente involucrado en la adquisici\u00f3n y administraci\u00f3n de edificios en USA por valores superiores a USD 2 billones. La mayor\u00eda de estas adquisiciones fueron realizadas en la zona de New England. Filosof\u00eda de Inversi\u00f3n [&hellip;]<\/p>\n","protected":false},"author":1,"featured_media":0,"parent":0,"menu_order":2,"comment_status":"closed","ping_status":"closed","template":"template-sub.php","meta":{"_acf_changed":false,"footnotes":""},"class_list":["post-97","page","type-page","status-publish","hentry"],"acf":[],"_links":{"self":[{"href":"https:\/\/northcolony.com\/es\/wp-json\/wp\/v2\/pages\/97","targetHints":{"allow":["GET"]}}],"collection":[{"href":"https:\/\/northcolony.com\/es\/wp-json\/wp\/v2\/pages"}],"about":[{"href":"https:\/\/northcolony.com\/es\/wp-json\/wp\/v2\/types\/page"}],"author":[{"embeddable":true,"href":"https:\/\/northcolony.com\/es\/wp-json\/wp\/v2\/users\/1"}],"replies":[{"embeddable":true,"href":"https:\/\/northcolony.com\/es\/wp-json\/wp\/v2\/comments?post=97"}],"version-history":[{"count":6,"href":"https:\/\/northcolony.com\/es\/wp-json\/wp\/v2\/pages\/97\/revisions"}],"predecessor-version":[{"id":180,"href":"https:\/\/northcolony.com\/es\/wp-json\/wp\/v2\/pages\/97\/revisions\/180"}],"wp:attachment":[{"href":"https:\/\/northcolony.com\/es\/wp-json\/wp\/v2\/media?parent=97"}],"curies":[{"name":"wp","href":"https:\/\/api.w.org\/{rel}","templated":true}]}}